{"id":1173,"date":"2020-05-10T16:20:20","date_gmt":"2020-05-10T14:20:20","guid":{"rendered":"http:\/\/by-you.fr\/?page_id=1173"},"modified":"2025-05-05T17:04:08","modified_gmt":"2025-05-05T15:04:08","slug":"presentation-du-site","status":"publish","type":"page","link":"https:\/\/by-you.fr\/index.php\/presentation-du-site\/","title":{"rendered":"Pr\u00e9sentation"},"content":{"rendered":"<p style=\"text-align: left;\">Bonjour,<\/p>\n<p style=\"text-align: left;\">Engag\u00e9 dans la formation professionnelle li\u00e9e au dipl\u00f4me BPJEPS au sein de la Ligue de l&rsquo;Enseignement puis au sein du Creps des Pays de la Loire depuis une dizaine d&rsquo;ann\u00e9es, je forme les apprenants \u00e0 l&rsquo;acquisition de comp\u00e9tences tant sur le champ sportif que dans le domaine socioculturel. Parall\u00e8lement, je suis concepteur e-learning depuis 2021 et j&rsquo;accompagne des structures de l&rsquo;id\u00e9e \u00e0 l&rsquo;ing\u00e9nierie et ou \u00e0 la r\u00e9alisation de diff\u00e9rents parcours (blending ou non) \u00e0 partir d&rsquo;outils auteurs.<\/p>\n<p style=\"text-align: left;\">Enfin, je con\u00e7ois des parcours immersifs \u00e0 360\u00b0 \u00e0 partir de l&rsquo;outil propos\u00e9 par Speedernet compatible avec les casques de r\u00e9alit\u00e9 virtuelle, mais fonctionnel sans, \u00e9galement.<\/p>\n<p style=\"text-align: left;\">Vous trouverez trois exemples de r\u00e9alisations de ce type sur ce site, dans la rubrique \u00ab\u00a0Agir By You\u00a0\u00bb.<\/p>\n<p style=\"text-align: left;\">N&rsquo;h\u00e9sitez pas \u00e0 me contacter <a href=\"https:\/\/www.linkedin.com\/in\/david-you-9a75a717a\/\" target=\"_blank\" rel=\"noopener\">via mon profil linkedin<\/a> si vous \u00eates int\u00e9ress\u00e9.e.s.<\/p>\n<p style=\"text-align: left;\">A bient\u00f4t,<\/p>\n<p style=\"text-align: left;\">David You.<\/p>\n<p>&nbsp;<\/p>\n","protected":false},"excerpt":{"rendered":"<p>Bonjour, Engag\u00e9 dans la formation professionnelle li\u00e9e au dipl\u00f4me BPJEPS au sein de la Ligue de l&rsquo;Enseignement puis au sein du Creps des Pays de la Loire depuis une dizaine d&rsquo;ann\u00e9es, je forme les apprenants \u00e0 l&rsquo;acquisition de comp\u00e9tences tant sur le champ sportif que dans le domaine socioculturel. Parall\u00e8lement, je suis concepteur e-learning depuis&hellip;&nbsp;<a href=\"https:\/\/by-you.fr\/index.php\/presentation-du-site\/\" class=\"\" rel=\"bookmark\">Lire la suite &raquo;<span class=\"screen-reader-text\">Pr\u00e9sentation<\/span><\/a><\/p>\n","protected":false},"author":1,"featured_media":0,"parent":0,"menu_order":0,"comment_status":"closed","ping_status":"closed","template":"","meta":{"neve_meta_sidebar":"full-width","neve_meta_container":"","neve_meta_enable_content_width":"on","neve_meta_content_width":100,"neve_meta_title_alignment":"","neve_meta_author_avatar":"","neve_post_elements_order":"","neve_meta_disable_header":"","neve_meta_disable_footer":"","neve_meta_disable_title":"","_themeisle_gutenberg_block_has_review":false,"footnotes":""},"class_list":["post-1173","page","type-page","status-publish","hentry"],"yoast_head":"<!-- This site is optimized with the Yoast SEO plugin v23.0 - https:\/\/yoast.com\/wordpress\/plugins\/seo\/ -->\n<title>Pr\u00e9sentation -<\/title>\n<meta name=\"robots\" content=\"index, follow, max-snippet:-1, max-image-preview:large, max-video-preview:-1\" \/>\n<link rel=\"canonical\" href=\"https:\/\/by-you.fr\/index.php\/presentation-du-site\/\" \/>\n<meta property=\"og:locale\" content=\"fr_FR\" \/>\n<meta property=\"og:type\" content=\"article\" \/>\n<meta property=\"og:title\" content=\"Pr\u00e9sentation -\" \/>\n<meta property=\"og:description\" content=\"Bonjour, Engag\u00e9 dans la formation professionnelle li\u00e9e au dipl\u00f4me BPJEPS au sein de la Ligue de l&rsquo;Enseignement puis au sein du Creps des Pays de la Loire depuis une dizaine d&rsquo;ann\u00e9es, je forme les apprenants \u00e0 l&rsquo;acquisition de comp\u00e9tences tant sur le champ sportif que dans le domaine socioculturel. Parall\u00e8lement, je suis concepteur e-learning depuis&hellip;&nbsp;Lire la suite &raquo;Pr\u00e9sentation\" \/>\n<meta property=\"og:url\" content=\"https:\/\/by-you.fr\/index.php\/presentation-du-site\/\" \/>\n<meta property=\"article:modified_time\" content=\"2025-05-05T15:04:08+00:00\" \/>\n<meta name=\"twitter:card\" content=\"summary_large_image\" \/>\n<meta name=\"twitter:label1\" content=\"Dur\u00e9e de lecture estim\u00e9e\" \/>\n\t<meta name=\"twitter:data1\" content=\"1 minute\" \/>\n<script type=\"application\/ld+json\" class=\"yoast-schema-graph\">{\"@context\":\"https:\/\/schema.org\",\"@graph\":[{\"@type\":\"WebPage\",\"@id\":\"https:\/\/by-you.fr\/index.php\/presentation-du-site\/\",\"url\":\"https:\/\/by-you.fr\/index.php\/presentation-du-site\/\",\"name\":\"Pr\u00e9sentation -\",\"isPartOf\":{\"@id\":\"https:\/\/by-you.fr\/#website\"},\"datePublished\":\"2020-05-10T14:20:20+00:00\",\"dateModified\":\"2025-05-05T15:04:08+00:00\",\"breadcrumb\":{\"@id\":\"https:\/\/by-you.fr\/index.php\/presentation-du-site\/#breadcrumb\"},\"inLanguage\":\"fr-FR\",\"potentialAction\":[{\"@type\":\"ReadAction\",\"target\":[\"https:\/\/by-you.fr\/index.php\/presentation-du-site\/\"]}]},{\"@type\":\"BreadcrumbList\",\"@id\":\"https:\/\/by-you.fr\/index.php\/presentation-du-site\/#breadcrumb\",\"itemListElement\":[{\"@type\":\"ListItem\",\"position\":1,\"name\":\"Accueil\",\"item\":\"https:\/\/by-you.fr\/\"},{\"@type\":\"ListItem\",\"position\":2,\"name\":\"Pr\u00e9sentation\"}]},{\"@type\":\"WebSite\",\"@id\":\"https:\/\/by-you.fr\/#website\",\"url\":\"https:\/\/by-you.fr\/\",\"name\":\"By You\",\"description\":\"\",\"publisher\":{\"@id\":\"https:\/\/by-you.fr\/#organization\"},\"potentialAction\":[{\"@type\":\"SearchAction\",\"target\":{\"@type\":\"EntryPoint\",\"urlTemplate\":\"https:\/\/by-you.fr\/?s={search_term_string}\"},\"query-input\":\"required name=search_term_string\"}],\"inLanguage\":\"fr-FR\"},{\"@type\":\"Organization\",\"@id\":\"https:\/\/by-you.fr\/#organization\",\"name\":\"By-You.fr\",\"url\":\"https:\/\/by-you.fr\/\",\"logo\":{\"@type\":\"ImageObject\",\"inLanguage\":\"fr-FR\",\"@id\":\"https:\/\/by-you.fr\/#\/schema\/logo\/image\/\",\"url\":\"https:\/\/by-you.fr\/wp-content\/uploads\/2020\/04\/logo-2.png\",\"contentUrl\":\"https:\/\/by-you.fr\/wp-content\/uploads\/2020\/04\/logo-2.png\",\"width\":233,\"height\":194,\"caption\":\"By-You.fr\"},\"image\":{\"@id\":\"https:\/\/by-you.fr\/#\/schema\/logo\/image\/\"}}]}<\/script>\n<!-- \/ Yoast SEO plugin. -->","yoast_head_json":{"title":"Pr\u00e9sentation -","robots":{"index":"index","follow":"follow","max-snippet":"max-snippet:-1","max-image-preview":"max-image-preview:large","max-video-preview":"max-video-preview:-1"},"canonical":"https:\/\/by-you.fr\/index.php\/presentation-du-site\/","og_locale":"fr_FR","og_type":"article","og_title":"Pr\u00e9sentation -","og_description":"Bonjour, Engag\u00e9 dans la formation professionnelle li\u00e9e au dipl\u00f4me BPJEPS au sein de la Ligue de l&rsquo;Enseignement puis au sein du Creps des Pays de la Loire depuis une dizaine d&rsquo;ann\u00e9es, je forme les apprenants \u00e0 l&rsquo;acquisition de comp\u00e9tences tant sur le champ sportif que dans le domaine socioculturel. Parall\u00e8lement, je suis concepteur e-learning depuis&hellip;&nbsp;Lire la suite &raquo;Pr\u00e9sentation","og_url":"https:\/\/by-you.fr\/index.php\/presentation-du-site\/","article_modified_time":"2025-05-05T15:04:08+00:00","twitter_card":"summary_large_image","twitter_misc":{"Dur\u00e9e de lecture estim\u00e9e":"1 minute"},"schema":{"@context":"https:\/\/schema.org","@graph":[{"@type":"WebPage","@id":"https:\/\/by-you.fr\/index.php\/presentation-du-site\/","url":"https:\/\/by-you.fr\/index.php\/presentation-du-site\/","name":"Pr\u00e9sentation -","isPartOf":{"@id":"https:\/\/by-you.fr\/#website"},"datePublished":"2020-05-10T14:20:20+00:00","dateModified":"2025-05-05T15:04:08+00:00","breadcrumb":{"@id":"https:\/\/by-you.fr\/index.php\/presentation-du-site\/#breadcrumb"},"inLanguage":"fr-FR","potentialAction":[{"@type":"ReadAction","target":["https:\/\/by-you.fr\/index.php\/presentation-du-site\/"]}]},{"@type":"BreadcrumbList","@id":"https:\/\/by-you.fr\/index.php\/presentation-du-site\/#breadcrumb","itemListElement":[{"@type":"ListItem","position":1,"name":"Accueil","item":"https:\/\/by-you.fr\/"},{"@type":"ListItem","position":2,"name":"Pr\u00e9sentation"}]},{"@type":"WebSite","@id":"https:\/\/by-you.fr\/#website","url":"https:\/\/by-you.fr\/","name":"By You","description":"","publisher":{"@id":"https:\/\/by-you.fr\/#organization"},"potentialAction":[{"@type":"SearchAction","target":{"@type":"EntryPoint","urlTemplate":"https:\/\/by-you.fr\/?s={search_term_string}"},"query-input":"required name=search_term_string"}],"inLanguage":"fr-FR"},{"@type":"Organization","@id":"https:\/\/by-you.fr\/#organization","name":"By-You.fr","url":"https:\/\/by-you.fr\/","logo":{"@type":"ImageObject","inLanguage":"fr-FR","@id":"https:\/\/by-you.fr\/#\/schema\/logo\/image\/","url":"https:\/\/by-you.fr\/wp-content\/uploads\/2020\/04\/logo-2.png","contentUrl":"https:\/\/by-you.fr\/wp-content\/uploads\/2020\/04\/logo-2.png","width":233,"height":194,"caption":"By-You.fr"},"image":{"@id":"https:\/\/by-you.fr\/#\/schema\/logo\/image\/"}}]}},"_links":{"self":[{"href":"https:\/\/by-you.fr\/index.php\/wp-json\/wp\/v2\/pages\/1173","targetHints":{"allow":["GET"]}}],"collection":[{"href":"https:\/\/by-you.fr\/index.php\/wp-json\/wp\/v2\/pages"}],"about":[{"href":"https:\/\/by-you.fr\/index.php\/wp-json\/wp\/v2\/types\/page"}],"author":[{"embeddable":true,"href":"https:\/\/by-you.fr\/index.php\/wp-json\/wp\/v2\/users\/1"}],"replies":[{"embeddable":true,"href":"https:\/\/by-you.fr\/index.php\/wp-json\/wp\/v2\/comments?post=1173"}],"version-history":[{"count":15,"href":"https:\/\/by-you.fr\/index.php\/wp-json\/wp\/v2\/pages\/1173\/revisions"}],"predecessor-version":[{"id":1492,"href":"https:\/\/by-you.fr\/index.php\/wp-json\/wp\/v2\/pages\/1173\/revisions\/1492"}],"wp:attachment":[{"href":"https:\/\/by-you.fr\/index.php\/wp-json\/wp\/v2\/media?parent=1173"}],"curies":[{"name":"wp","href":"https:\/\/api.w.org\/{rel}","templated":true}]}}