{"id":1439,"date":"2025-03-02T20:11:28","date_gmt":"2025-03-02T19:11:28","guid":{"rendered":"https:\/\/by-you.fr\/?page_id=1439"},"modified":"2025-05-05T10:22:10","modified_gmt":"2025-05-05T08:22:10","slug":"securite-dans-une-sequence-pedagogique","status":"publish","type":"page","link":"https:\/\/by-you.fr\/index.php\/securite-dans-une-sequence-pedagogique\/","title":{"rendered":"S\u00e9curit\u00e9 dans une s\u00e9quence p\u00e9dagogique"},"content":{"rendered":"<p><iframe src='\/wp-content\/uploads\/articulate_uploads\/La-securite-dans-une-sequence-pedagogique_export52\/index.html' width='100%' height='600px' frameborder='0' scrolling='no' title='e-learning content'><\/iframe><\/p>\n","protected":false},"excerpt":{"rendered":"","protected":false},"author":1,"featured_media":0,"parent":0,"menu_order":0,"comment_status":"closed","ping_status":"closed","template":"","meta":{"neve_meta_sidebar":"full-width","neve_meta_container":"","neve_meta_enable_content_width":"on","neve_meta_content_width":100,"neve_meta_title_alignment":"","neve_meta_author_avatar":"","neve_post_elements_order":"","neve_meta_disable_header":"","neve_meta_disable_footer":"","neve_meta_disable_title":"","_themeisle_gutenberg_block_has_review":false,"footnotes":""},"class_list":["post-1439","page","type-page","status-publish","hentry"],"yoast_head":"<!-- This site is optimized with the Yoast SEO plugin v23.0 - https:\/\/yoast.com\/wordpress\/plugins\/seo\/ -->\n<title>S\u00e9curit\u00e9 dans une s\u00e9quence p\u00e9dagogique -<\/title>\n<meta name=\"robots\" content=\"index, follow, max-snippet:-1, max-image-preview:large, max-video-preview:-1\" \/>\n<link rel=\"canonical\" href=\"https:\/\/by-you.fr\/index.php\/securite-dans-une-sequence-pedagogique\/\" \/>\n<meta property=\"og:locale\" content=\"fr_FR\" \/>\n<meta property=\"og:type\" content=\"article\" \/>\n<meta property=\"og:title\" content=\"S\u00e9curit\u00e9 dans une s\u00e9quence p\u00e9dagogique -\" \/>\n<meta property=\"og:url\" content=\"https:\/\/by-you.fr\/index.php\/securite-dans-une-sequence-pedagogique\/\" \/>\n<meta property=\"article:modified_time\" content=\"2025-05-05T08:22:10+00:00\" \/>\n<meta name=\"twitter:card\" content=\"summary_large_image\" \/>\n<script type=\"application\/ld+json\" class=\"yoast-schema-graph\">{\"@context\":\"https:\/\/schema.org\",\"@graph\":[{\"@type\":\"WebPage\",\"@id\":\"https:\/\/by-you.fr\/index.php\/securite-dans-une-sequence-pedagogique\/\",\"url\":\"https:\/\/by-you.fr\/index.php\/securite-dans-une-sequence-pedagogique\/\",\"name\":\"S\u00e9curit\u00e9 dans une s\u00e9quence p\u00e9dagogique -\",\"isPartOf\":{\"@id\":\"https:\/\/by-you.fr\/#website\"},\"datePublished\":\"2025-03-02T19:11:28+00:00\",\"dateModified\":\"2025-05-05T08:22:10+00:00\",\"breadcrumb\":{\"@id\":\"https:\/\/by-you.fr\/index.php\/securite-dans-une-sequence-pedagogique\/#breadcrumb\"},\"inLanguage\":\"fr-FR\",\"potentialAction\":[{\"@type\":\"ReadAction\",\"target\":[\"https:\/\/by-you.fr\/index.php\/securite-dans-une-sequence-pedagogique\/\"]}]},{\"@type\":\"BreadcrumbList\",\"@id\":\"https:\/\/by-you.fr\/index.php\/securite-dans-une-sequence-pedagogique\/#breadcrumb\",\"itemListElement\":[{\"@type\":\"ListItem\",\"position\":1,\"name\":\"Accueil\",\"item\":\"https:\/\/by-you.fr\/\"},{\"@type\":\"ListItem\",\"position\":2,\"name\":\"S\u00e9curit\u00e9 dans une s\u00e9quence p\u00e9dagogique\"}]},{\"@type\":\"WebSite\",\"@id\":\"https:\/\/by-you.fr\/#website\",\"url\":\"https:\/\/by-you.fr\/\",\"name\":\"By You\",\"description\":\"\",\"publisher\":{\"@id\":\"https:\/\/by-you.fr\/#organization\"},\"potentialAction\":[{\"@type\":\"SearchAction\",\"target\":{\"@type\":\"EntryPoint\",\"urlTemplate\":\"https:\/\/by-you.fr\/?s={search_term_string}\"},\"query-input\":\"required name=search_term_string\"}],\"inLanguage\":\"fr-FR\"},{\"@type\":\"Organization\",\"@id\":\"https:\/\/by-you.fr\/#organization\",\"name\":\"By-You.fr\",\"url\":\"https:\/\/by-you.fr\/\",\"logo\":{\"@type\":\"ImageObject\",\"inLanguage\":\"fr-FR\",\"@id\":\"https:\/\/by-you.fr\/#\/schema\/logo\/image\/\",\"url\":\"https:\/\/by-you.fr\/wp-content\/uploads\/2020\/04\/logo-2.png\",\"contentUrl\":\"https:\/\/by-you.fr\/wp-content\/uploads\/2020\/04\/logo-2.png\",\"width\":233,\"height\":194,\"caption\":\"By-You.fr\"},\"image\":{\"@id\":\"https:\/\/by-you.fr\/#\/schema\/logo\/image\/\"}}]}<\/script>\n<!-- \/ Yoast SEO plugin. -->","yoast_head_json":{"title":"S\u00e9curit\u00e9 dans une s\u00e9quence p\u00e9dagogique -","robots":{"index":"index","follow":"follow","max-snippet":"max-snippet:-1","max-image-preview":"max-image-preview:large","max-video-preview":"max-video-preview:-1"},"canonical":"https:\/\/by-you.fr\/index.php\/securite-dans-une-sequence-pedagogique\/","og_locale":"fr_FR","og_type":"article","og_title":"S\u00e9curit\u00e9 dans une s\u00e9quence p\u00e9dagogique -","og_url":"https:\/\/by-you.fr\/index.php\/securite-dans-une-sequence-pedagogique\/","article_modified_time":"2025-05-05T08:22:10+00:00","twitter_card":"summary_large_image","schema":{"@context":"https:\/\/schema.org","@graph":[{"@type":"WebPage","@id":"https:\/\/by-you.fr\/index.php\/securite-dans-une-sequence-pedagogique\/","url":"https:\/\/by-you.fr\/index.php\/securite-dans-une-sequence-pedagogique\/","name":"S\u00e9curit\u00e9 dans une s\u00e9quence p\u00e9dagogique -","isPartOf":{"@id":"https:\/\/by-you.fr\/#website"},"datePublished":"2025-03-02T19:11:28+00:00","dateModified":"2025-05-05T08:22:10+00:00","breadcrumb":{"@id":"https:\/\/by-you.fr\/index.php\/securite-dans-une-sequence-pedagogique\/#breadcrumb"},"inLanguage":"fr-FR","potentialAction":[{"@type":"ReadAction","target":["https:\/\/by-you.fr\/index.php\/securite-dans-une-sequence-pedagogique\/"]}]},{"@type":"BreadcrumbList","@id":"https:\/\/by-you.fr\/index.php\/securite-dans-une-sequence-pedagogique\/#breadcrumb","itemListElement":[{"@type":"ListItem","position":1,"name":"Accueil","item":"https:\/\/by-you.fr\/"},{"@type":"ListItem","position":2,"name":"S\u00e9curit\u00e9 dans une s\u00e9quence p\u00e9dagogique"}]},{"@type":"WebSite","@id":"https:\/\/by-you.fr\/#website","url":"https:\/\/by-you.fr\/","name":"By You","description":"","publisher":{"@id":"https:\/\/by-you.fr\/#organization"},"potentialAction":[{"@type":"SearchAction","target":{"@type":"EntryPoint","urlTemplate":"https:\/\/by-you.fr\/?s={search_term_string}"},"query-input":"required name=search_term_string"}],"inLanguage":"fr-FR"},{"@type":"Organization","@id":"https:\/\/by-you.fr\/#organization","name":"By-You.fr","url":"https:\/\/by-you.fr\/","logo":{"@type":"ImageObject","inLanguage":"fr-FR","@id":"https:\/\/by-you.fr\/#\/schema\/logo\/image\/","url":"https:\/\/by-you.fr\/wp-content\/uploads\/2020\/04\/logo-2.png","contentUrl":"https:\/\/by-you.fr\/wp-content\/uploads\/2020\/04\/logo-2.png","width":233,"height":194,"caption":"By-You.fr"},"image":{"@id":"https:\/\/by-you.fr\/#\/schema\/logo\/image\/"}}]}},"_links":{"self":[{"href":"https:\/\/by-you.fr\/index.php\/wp-json\/wp\/v2\/pages\/1439","targetHints":{"allow":["GET"]}}],"collection":[{"href":"https:\/\/by-you.fr\/index.php\/wp-json\/wp\/v2\/pages"}],"about":[{"href":"https:\/\/by-you.fr\/index.php\/wp-json\/wp\/v2\/types\/page"}],"author":[{"embeddable":true,"href":"https:\/\/by-you.fr\/index.php\/wp-json\/wp\/v2\/users\/1"}],"replies":[{"embeddable":true,"href":"https:\/\/by-you.fr\/index.php\/wp-json\/wp\/v2\/comments?post=1439"}],"version-history":[{"count":17,"href":"https:\/\/by-you.fr\/index.php\/wp-json\/wp\/v2\/pages\/1439\/revisions"}],"predecessor-version":[{"id":1488,"href":"https:\/\/by-you.fr\/index.php\/wp-json\/wp\/v2\/pages\/1439\/revisions\/1488"}],"wp:attachment":[{"href":"https:\/\/by-you.fr\/index.php\/wp-json\/wp\/v2\/media?parent=1439"}],"curies":[{"name":"wp","href":"https:\/\/api.w.org\/{rel}","templated":true}]}}